{"id":17335,"date":"2024-09-26T18:24:47","date_gmt":"2024-09-26T16:24:47","guid":{"rendered":"https:\/\/kerya.app\/%d8%b3%d9%8a%d8%a7%d8%b3%d8%a9-%d8%a7%d9%84%d8%ae%d8%b5%d9%88%d8%b5%d9%8a%d8%a9\/"},"modified":"2024-11-05T13:07:54","modified_gmt":"2024-11-05T12:07:54","slug":"%d8%b3%d9%8a%d8%a7%d8%b3%d8%a9-%d8%a7%d9%84%d8%ae%d8%b5%d9%88%d8%b5%d9%8a%d8%a9","status":"publish","type":"page","link":"https:\/\/kerya.app\/ar\/%d8%b3%d9%8a%d8%a7%d8%b3%d8%a9-%d8%a7%d9%84%d8%ae%d8%b5%d9%88%d8%b5%d9%8a%d8%a9\/","title":{"rendered":"\u0633\u064a\u0627\u0633\u0629 \u0627\u0644\u062e\u0635\u0648\u0635\u064a\u0629"},"content":{"rendered":"\t\t<div data-elementor-type=\"wp-page\" data-elementor-id=\"17335\" class=\"elementor elementor-17335 elementor-15904\">\n\t\t\t\t<div class=\"wd-negative-gap elementor-element elementor-element-573483aa e-flex e-con-boxed e-con e-parent\" data-id=\"573483aa\" data-element_type=\"container\">\n\t\t\t\t\t<div class=\"e-con-inner\">\n\t\t\t\t<div class=\"elementor-element elementor-element-b7848ee elementor-widget elementor-widget-html\" data-id=\"b7848ee\" data-element_type=\"widget\" data-widget_type=\"html.default\">\n\t\t\t\t<div class=\"elementor-widget-container\">\n\t\t\t\t\t\t<link rel=\"stylesheet\" id=\"elementor-post-16008-css\" href=\"https:\/\/kerya.app\/wp-content\/uploads\/elementor\/css\/post-16008.css?ver=1738958212\" type=\"text\/css\" media=\"all\">\n\t\t\t\t\t<div data-elementor-type=\"wp-post\" data-elementor-id=\"16008\" class=\"elementor elementor-16008\">\n\t\t\t\t<div class=\"wd-negative-gap elementor-element elementor-element-017d1b3 e-flex e-con-boxed e-con e-parent\" data-id=\"017d1b3\" data-element_type=\"container\">\n\t\t\t\t\t<div class=\"e-con-inner\">\n\t\t\t\t<div class=\"elementor-element elementor-element-417f13f color-scheme-inherit text-left elementor-widget elementor-widget-text-editor\" data-id=\"417f13f\" data-element_type=\"widget\" data-widget_type=\"text-editor.default\">\n\t\t\t\t<div class=\"elementor-widget-container\">\n\t\t\t\t\t\t\t<h3><strong>Article 01 : Collecte des Donn\u00e9es<\/strong><\/h3><p>Kerya collecte les donn\u00e9es personnelles des utilisateurs lors de l&rsquo;inscription, y compris le nom, l&rsquo;adresse email et le num\u00e9ro de t\u00e9l\u00e9phone. Les informations relatives aux transactions sont \u00e9galement enregistr\u00e9es pour assurer la gestion des commissions des h\u00f4tes.<\/p><h3><strong>Article 02 : Utilisation des Donn\u00e9es<\/strong><\/h3><p>Les donn\u00e9es sont utilis\u00e9es pour faciliter la gestion des r\u00e9servations, le traitement des commissions des h\u00f4tes, et pour assurer la s\u00e9curit\u00e9 des utilisateurs. Kerya peut \u00e9galement utiliser ces donn\u00e9es pour envoyer des communications concernant les services, sous r\u00e9serve du consentement des utilisateurs.<\/p><h3><strong>Article 03 : Partage des Donn\u00e9es<\/strong><\/h3><p>Les donn\u00e9es personnelles des utilisateurs peuvent \u00eatre partag\u00e9es avec des partenaires pour l&rsquo;ex\u00e9cution des services (ex: gestion des paiements) ou avec des autorit\u00e9s judiciaires si requis par la loi.<\/p><h3><strong>Article 04 : S\u00e9curit\u00e9 des Donn\u00e9es<\/strong><\/h3><p>Kerya met en \u0153uvre des mesures de s\u00e9curit\u00e9 pour prot\u00e9ger les informations des utilisateurs contre tout acc\u00e8s non autoris\u00e9.<\/p><h3><strong>Article 05 : Droits des Utilisateurs<\/strong><\/h3><p>Les utilisateurs ont le droit d&rsquo;acc\u00e9der, de modifier, ou de supprimer leurs donn\u00e9es personnelles. Ils peuvent \u00e9galement refuser l&rsquo;utilisation de leurs donn\u00e9es \u00e0 des fins marketing.<\/p><h3><strong>Article 06 : Cookies<\/strong><\/h3><p>Kerya utilise des cookies pour am\u00e9liorer l&rsquo;exp\u00e9rience utilisateur et analyser l&rsquo;utilisation de l&rsquo;application. Les utilisateurs peuvent g\u00e9rer leurs pr\u00e9f\u00e9rences de cookies dans les param\u00e8tres de leur navigateur.<\/p><h3><strong>Article 07 : Modification de la Politique de Confidentialit\u00e9<\/strong><\/h3><p>Kerya se r\u00e9serve le droit de modifier cette politique de confidentialit\u00e9. Toute modification sera communiqu\u00e9e aux utilisateurs.<\/p><h3><strong>Article 08 : Contact<\/strong><\/h3><p>Pour toute question relative \u00e0 la gestion des donn\u00e9es personnelles, les utilisateurs peuvent contacter :\u00a0<\/p><p><a href=\"mailto:contact@kerya.app\">contact@kerya.app<\/a><\/p>\t\t\t\t\t\t<\/div>\n\t\t\t\t<\/div>\n\t\t\t\t\t<\/div>\n\t\t\t\t<\/div>\n\t\t\t\t<\/div>\n\t\t\t\t<\/div>\n\t\t\t\t<\/div>\n\t\t\t\t\t<\/div>\n\t\t\t\t<\/div>\n\t\t\t\t<\/div>\n\t\t","protected":false},"excerpt":{"rendered":"","protected":false},"author":1,"featured_media":0,"parent":0,"menu_order":0,"comment_status":"closed","ping_status":"closed","template":"","meta":{"_monsterinsights_skip_tracking":false,"_monsterinsights_sitenote_active":false,"_monsterinsights_sitenote_note":"","_monsterinsights_sitenote_category":0,"footnotes":""},"class_list":["post-17335","page","type-page","status-publish","hentry"],"aioseo_notices":[],"_links":{"self":[{"href":"https:\/\/kerya.app\/ar\/wp-json\/wp\/v2\/pages\/17335","targetHints":{"allow":["GET"]}}],"collection":[{"href":"https:\/\/kerya.app\/ar\/wp-json\/wp\/v2\/pages"}],"about":[{"href":"https:\/\/kerya.app\/ar\/wp-json\/wp\/v2\/types\/page"}],"author":[{"embeddable":true,"href":"https:\/\/kerya.app\/ar\/wp-json\/wp\/v2\/users\/1"}],"replies":[{"embeddable":true,"href":"https:\/\/kerya.app\/ar\/wp-json\/wp\/v2\/comments?post=17335"}],"version-history":[{"count":2,"href":"https:\/\/kerya.app\/ar\/wp-json\/wp\/v2\/pages\/17335\/revisions"}],"predecessor-version":[{"id":17342,"href":"https:\/\/kerya.app\/ar\/wp-json\/wp\/v2\/pages\/17335\/revisions\/17342"}],"wp:attachment":[{"href":"https:\/\/kerya.app\/ar\/wp-json\/wp\/v2\/media?parent=17335"}],"curies":[{"name":"wp","href":"https:\/\/api.w.org\/{rel}","templated":true}]}}